{"id":439,"date":"2023-08-17T08:02:28","date_gmt":"2023-08-17T08:02:28","guid":{"rendered":"https:\/\/demosites.royal-elementor-addons.com\/nature-v2\/?page_id=6"},"modified":"2025-04-25T11:02:33","modified_gmt":"2025-04-25T11:02:33","slug":"inicio-consultor-forestal","status":"publish","type":"page","link":"https:\/\/consultorforestal.com\/","title":{"rendered":"Inicio"},"content":{"rendered":"\t\t<div data-elementor-type=\"wp-page\" data-elementor-id=\"439\" class=\"elementor elementor-439\">\n\t\t\t\t\t\t<section class=\"wpr-jarallax elementor-section elementor-top-section elementor-element elementor-element-44827ed elementor-section-height-min-height wpr-jarallax-yes elementor-section-boxed elementor-section-height-default elementor-section-items-middle wpr-parallax-no wpr-sticky-section-no\" speed-data=\"1.4\" bg-image=\"\" scroll-effect=\"scroll\" data-id=\"44827ed\" data-element_type=\"section\">\n\t\t\t\t\t\t\t<div class=\"elementor-background-overlay\"><\/div>\n\t\t\t\t\t\t\t<div class=\"elementor-container elementor-column-gap-default\">\n\t\t\t\t\t<div class=\"elementor-column elementor-col-100 elementor-top-column elementor-element elementor-element-d3d9ca1\" data-id=\"d3d9ca1\" data-element_type=\"column\">\n\t\t\t<div class=\"elementor-widget-wrap elementor-element-populated\">\n\t\t\t\t\t\t<div class=\"elementor-element elementor-element-35acd3c elementor-widget elementor-widget-heading\" data-id=\"35acd3c\" data-element_type=\"widget\" data-widget_type=\"heading.default\">\n\t\t\t\t<div class=\"elementor-widget-container\">\n\t\t\t\t\t<h2 class=\"elementor-heading-title elementor-size-default\">Gesti\u00f3n forestal experta, resultados sostenibles<\/h2>\t\t\t\t<\/div>\n\t\t\t\t<\/div>\n\t\t\t\t<div class=\"elementor-element elementor-element-a45ae29 wpr-advanced-text-style-animated wpr-fancy-text-typing wpr-animated-text-infinite-yes elementor-widget elementor-widget-wpr-advanced-text\" data-id=\"a45ae29\" data-element_type=\"widget\" data-settings=\"{&quot;anim_loop&quot;:&quot;yes&quot;}\" data-widget_type=\"wpr-advanced-text.default\">\n\t\t\t\t<div class=\"elementor-widget-container\">\n\t\t\t\t\t\n\t\t<h3 class=\"wpr-advanced-text\">\n\n\t\t\t\t\t\n\t\t\t\t\t\t\t<span class=\"wpr-advanced-text-preffix\"><span style=\"color: #FFFFFF\">CONSULTOR<\/span> <span style=\"color: #1468A8\">FORESTAL<\/span><br><\/span>\n\t\t\t\n\t\t<span class=\"wpr-anim-text wpr-anim-text-type-typing wpr-anim-text-letters\" data-anim-duration=\"200,2000\" data-anim-loop=\"yes\">\n\t\t\t<span class=\"wpr-anim-text-inner\">\n\t\t\t\t\t\t\t\t\t<b>Servicios de Ingenier\u00eda<\/b>\n\t\t\t\t\t\t\t\t\t<b>Planes de Manejo<\/b>\n\t\t\t\t\t\t\t\t\t<b>Bosque Nativo<\/b>\n\t\t\t\t\t\t\t\t\t<b>Plantaciones<\/b>\n\t\t\t\t\t\t\t\t\t<b>Estudios T\u00e9cnicos<\/b>\n\t\t\t\t\t\t\t\t\t<b>Inventario de Bosques<\/b>\n\t\t\t\t\t\t\t\t\t<b>Cartograf\u00eda<\/b>\n\t\t\t\t\t\t\t<\/span>\n\t\t\t<span class=\"wpr-anim-text-cursor\">|<\/span>\t\t<\/span>\n\n\t\t\t\t\n\t\t<\/h3>\n\t\t\n\t\t\t\t\t\t<\/div>\n\t\t\t\t<\/div>\n\t\t\t\t<div class=\"elementor-element elementor-element-b0581c3 elementor-widget elementor-widget-text-editor\" data-id=\"b0581c3\" data-element_type=\"widget\" data-widget_type=\"text-editor.default\">\n\t\t\t\t<div class=\"elementor-widget-container\">\n\t\t\t\t\t\t\t\t\t<p>En Consultor Forestal ofrecemos asesor\u00eda integral en estudios ambientales y forestales. Desde planes de manejo de bosque nativo (Ley\u202fN\u00ba\u202f20.283) y plantaciones DL\u202f701, hasta inventarios, cartograf\u00eda SIG y tr\u00e1mites para CONAF y SAG. Nuestra experiencia garantiza soluciones eficientes y cumplimiento normativo para proyectos de cualquier escala.<\/p>\t\t\t\t\t\t\t\t<\/div>\n\t\t\t\t<\/div>\n\t\t\t\t<div class=\"elementor-element elementor-element-7a9b212 wpr-button-icon-style-inline wpr-button-icon-position-right elementor-widget elementor-widget-wpr-button\" data-id=\"7a9b212\" data-element_type=\"widget\" data-widget_type=\"wpr-button.default\">\n\t\t\t\t<div class=\"elementor-widget-container\">\n\t\t\t\t\t\t\n\t\t\t\n\t\t\n\t\t<div class=\"wpr-button-wrap elementor-clearfix\">\n\t\t<a class=\"wpr-button wpr-button-effect wpr-button-none\" data-text=\"\" href=\"https:\/\/consultorforestal.com\/index.php\/contact\/\">\n\t\t\t\n\t\t\t<span class=\"wpr-button-content\">\n\t\t\t\t\t\t\t\t\t<span class=\"wpr-button-text\">\u00bfQu\u00e9 Necesitas?<\/span>\n\t\t\t\t\t\t\t\t\n\t\t\t\t\t\t\t<\/span>\n\t\t<\/a>\n\n\t\t\t\t<\/div>\n\t\n\t\n\t\t\t\t\t<\/div>\n\t\t\t\t<\/div>\n\t\t\t\t\t<\/div>\n\t\t<\/div>\n\t\t\t\t\t<\/div>\n\t\t<\/section>\n\t\t\t\t<section class=\"elementor-section elementor-top-section elementor-element elementor-element-76c05f4 elementor-section-boxed elementor-section-height-default elementor-section-height-default wpr-particle-no wpr-jarallax-no wpr-parallax-no wpr-sticky-section-no\" data-id=\"76c05f4\" data-element_type=\"section\">\n\t\t\t\t\t\t\t<div class=\"elementor-background-overlay\"><\/div>\n\t\t\t\t\t\t\t<div class=\"elementor-container elementor-column-gap-default\">\n\t\t\t\t\t<div class=\"elementor-column elementor-col-100 elementor-top-column elementor-element elementor-element-48fa097\" data-id=\"48fa097\" data-element_type=\"column\">\n\t\t\t<div class=\"elementor-widget-wrap elementor-element-populated\">\n\t\t\t\t\t\t<div class=\"elementor-element elementor-element-c149656 elementor-widget elementor-widget-heading\" data-id=\"c149656\" data-element_type=\"widget\" data-widget_type=\"heading.default\">\n\t\t\t\t<div class=\"elementor-widget-container\">\n\t\t\t\t\t<h2 class=\"elementor-heading-title elementor-size-default\">Nuestros Servicios<\/h2>\t\t\t\t<\/div>\n\t\t\t\t<\/div>\n\t\t\t\t<div class=\"elementor-element elementor-element-8bf307f elementor-widget elementor-widget-text-editor\" data-id=\"8bf307f\" data-element_type=\"widget\" data-widget_type=\"text-editor.default\">\n\t\t\t\t<div class=\"elementor-widget-container\">\n\t\t\t\t\t\t\t\t\t<p>Transformamos tus recursos forestales en proyectos sostenibles y rentables.<br \/>Ingenier\u00eda, cartograf\u00eda e inventarios de precisi\u00f3n para un manejo integrado y normativo.<br \/>De la concepci\u00f3n al cumplimiento: permisos ambientales, planes de manejo y monitoreo.<br \/>Experiencia regional, soluciones a la medida y compromiso con el equilibrio entre productividad y conservaci\u00f3n.<\/p>\t\t\t\t\t\t\t\t<\/div>\n\t\t\t\t<\/div>\n\t\t\t\t<div class=\"elementor-element elementor-element-0451427 elementor-widget-divider--view-line elementor-widget elementor-widget-divider\" data-id=\"0451427\" data-element_type=\"widget\" data-widget_type=\"divider.default\">\n\t\t\t\t<div class=\"elementor-widget-container\">\n\t\t\t\t\t\t\t<div class=\"elementor-divider\">\n\t\t\t<span class=\"elementor-divider-separator\">\n\t\t\t\t\t\t<\/span>\n\t\t<\/div>\n\t\t\t\t\t\t<\/div>\n\t\t\t\t<\/div>\n\t\t\t\t<section class=\"elementor-section elementor-inner-section elementor-element elementor-element-d239f06 elementor-section-boxed elementor-section-height-default elementor-section-height-default wpr-particle-no wpr-jarallax-no wpr-parallax-no wpr-sticky-section-no\" data-id=\"d239f06\" data-element_type=\"section\">\n\t\t\t\t\t\t<div class=\"elementor-container elementor-column-gap-default\">\n\t\t\t\t\t<div class=\"elementor-column elementor-col-33 elementor-inner-column elementor-element elementor-element-7596ed2\" data-id=\"7596ed2\" data-element_type=\"column\">\n\t\t\t<div class=\"elementor-widget-wrap elementor-element-populated\">\n\t\t\t\t\t\t<div class=\"elementor-element elementor-element-651c9dc wpr-promo-box-style-cover elementor-widget elementor-widget-wpr-promo-box\" data-id=\"651c9dc\" data-element_type=\"widget\" data-widget_type=\"wpr-promo-box.default\">\n\t\t\t\t<div class=\"elementor-widget-container\">\n\t\t\t\t\t\n\t\t<div class=\"wpr-promo-box wpr-animation-wrap\">\n\n\t\t\t\t\t\t<a class=\"wpr-promo-box-link\" href=\"https:\/\/consultorforestal.com\/index.php\/services\/\"><\/a>\t\n\t\t\t\t\t\t\t\n\t\t\t\t\t\t\t<div class=\"wpr-promo-box-image\">\n\t\t\t\t\t<div class=\"wpr-promo-box-bg-image wpr-bg-anim-zoom-in wpr-anim-timing-ease-default\" style=\"background-image:url(https:\/\/consultorforestal.com\/wp-content\/uploads\/2025\/04\/20250416_124041.jpg);\"><\/div>\n\t\t\t\t\t<div class=\"wpr-promo-box-bg-overlay wpr-border-anim-jazz\"><\/div>\n\t\t\t\t<\/div>\n\t\t\t\t\t\t\n\t\t\t<div class=\"wpr-promo-box-content\">\n\n\t\t\t\t\t\t\t\t<div class=\"wpr-promo-box-icon\">\n\t\t\t\t\t\t\t\t\t<\/div>\n\t\t\t\t\n\t\t\t\t<h3 class=\"wpr-promo-box-title\"><span>Servicios<\/span><\/h3>\n\t\t\t\t\t\t\t\t\t<div class=\"wpr-promo-box-description\">\n\t\t\t\t\t\t<p><p>Planes de manejo forestal de bosque nativo <br \/>Planes de manejo forestal de plantaciones<br \/>Estudios t\u00e9cnicos para <strong>CONAF<\/strong><br \/>Inventario de bosques<br \/>Cartograf\u00eda<\/p><\/p>\t\n\t\t\t\t\t<\/div>\t\t\t\t\t\t\n\t\t\t\t\n\t\t\t\t\t\t\t<\/div>\n\n\t\t\t\t\t<\/div>\n\n\t\t\t\t\t\t<\/div>\n\t\t\t\t<\/div>\n\t\t\t\t\t<\/div>\n\t\t<\/div>\n\t\t\t\t<div class=\"elementor-column elementor-col-33 elementor-inner-column elementor-element elementor-element-97bb0f5\" data-id=\"97bb0f5\" data-element_type=\"column\">\n\t\t\t<div class=\"elementor-widget-wrap elementor-element-populated\">\n\t\t\t\t\t\t<div class=\"elementor-element elementor-element-4abb83b wpr-promo-box-style-cover elementor-widget elementor-widget-wpr-promo-box\" data-id=\"4abb83b\" data-element_type=\"widget\" data-widget_type=\"wpr-promo-box.default\">\n\t\t\t\t<div class=\"elementor-widget-container\">\n\t\t\t\t\t\n\t\t<div class=\"wpr-promo-box wpr-animation-wrap\">\n\n\t\t\t\t\t\t<a class=\"wpr-promo-box-link\" href=\"#\"><\/a>\t\n\t\t\t\t\t\t\t\n\t\t\t\t\t\t\t<div class=\"wpr-promo-box-image\">\n\t\t\t\t\t<div class=\"wpr-promo-box-bg-image wpr-bg-anim-zoom-in wpr-anim-timing-ease-default\" style=\"background-image:url(https:\/\/consultorforestal.com\/wp-content\/uploads\/2025\/04\/20250416_123856.jpg);\"><\/div>\n\t\t\t\t\t<div class=\"wpr-promo-box-bg-overlay wpr-border-anim-jazz\"><\/div>\n\t\t\t\t<\/div>\n\t\t\t\t\t\t\n\t\t\t<div class=\"wpr-promo-box-content\">\n\n\t\t\t\t\t\t\t\t<div class=\"wpr-promo-box-icon\">\n\t\t\t\t\t\t\t\t\t<\/div>\n\t\t\t\t\n\t\t\t\t<h3 class=\"wpr-promo-box-title\"><span>Informaci\u00f3n<\/span><\/h3>\n\t\t\t\t\t\t\t\t\t<div class=\"wpr-promo-box-description\">\n\t\t\t\t\t\t<p><div id=\"bv_Text3\">Detalles del Plan de Manejo<br \/>Documentos requeridos<br \/>Costos del tr\u00e1mite<br \/>Tiempos de realizaci\u00f3n<br \/>Plazos<\/div><\/p>\t\n\t\t\t\t\t<\/div>\t\t\t\t\t\t\n\t\t\t\t\n\t\t\t\t\t\t\t<\/div>\n\n\t\t\t\t\t<\/div>\n\n\t\t\t\t\t\t<\/div>\n\t\t\t\t<\/div>\n\t\t\t\t\t<\/div>\n\t\t<\/div>\n\t\t\t\t<div class=\"elementor-column elementor-col-33 elementor-inner-column elementor-element elementor-element-fd17a64\" data-id=\"fd17a64\" data-element_type=\"column\">\n\t\t\t<div class=\"elementor-widget-wrap elementor-element-populated\">\n\t\t\t\t\t\t<div class=\"elementor-element elementor-element-7ef5683 wpr-promo-box-style-cover elementor-widget elementor-widget-wpr-promo-box\" data-id=\"7ef5683\" data-element_type=\"widget\" data-widget_type=\"wpr-promo-box.default\">\n\t\t\t\t<div class=\"elementor-widget-container\">\n\t\t\t\t\t\n\t\t<div class=\"wpr-promo-box wpr-animation-wrap\">\n\n\t\t\t\t\t\t<a class=\"wpr-promo-box-link\" href=\"https:\/\/consultorforestal.com\/index.php\/contact\/\"><\/a>\t\n\t\t\t\t\t\t\t\n\t\t\t\t\t\t\t<div class=\"wpr-promo-box-image\">\n\t\t\t\t\t<div class=\"wpr-promo-box-bg-image wpr-bg-anim-zoom-in wpr-anim-timing-ease-default\" style=\"background-image:url(https:\/\/consultorforestal.com\/wp-content\/uploads\/2025\/04\/20250416_125934.jpg);\"><\/div>\n\t\t\t\t\t<div class=\"wpr-promo-box-bg-overlay wpr-border-anim-jazz\"><\/div>\n\t\t\t\t<\/div>\n\t\t\t\t\t\t\n\t\t\t<div class=\"wpr-promo-box-content\">\n\n\t\t\t\t\t\t\t\t<div class=\"wpr-promo-box-icon\">\n\t\t\t\t\t\t\t\t\t<\/div>\n\t\t\t\t\n\t\t\t\t<h3 class=\"wpr-promo-box-title\"><span>Contacto<\/span><\/h3>\n\t\t\t\t\t\t\t\t\t<div class=\"wpr-promo-box-description\">\n\t\t\t\t\t\t<p><p><br \/>+569 6414 8140<\/p><p>contacto@consultorforestal.c<strong>l<\/strong><\/p><\/p>\t\n\t\t\t\t\t<\/div>\t\t\t\t\t\t\n\t\t\t\t\n\t\t\t\t\t\t\t<\/div>\n\n\t\t\t\t\t<\/div>\n\n\t\t\t\t\t\t<\/div>\n\t\t\t\t<\/div>\n\t\t\t\t\t<\/div>\n\t\t<\/div>\n\t\t\t\t\t<\/div>\n\t\t<\/section>\n\t\t\t\t\t<\/div>\n\t\t<\/div>\n\t\t\t\t\t<\/div>\n\t\t<\/section>\n\t\t\t\t<section class=\"elementor-section elementor-top-section elementor-element elementor-element-e4efee6 elementor-section-boxed elementor-section-height-default elementor-section-height-default wpr-particle-no wpr-parallax-no wpr-sticky-section-no\" data-id=\"e4efee6\" data-element_type=\"section\" data-settings=\"{&quot;background_background&quot;:&quot;classic&quot;}\">\n\t\t\t\t\t\t\t<div class=\"elementor-background-overlay\"><\/div>\n\t\t\t\t\t\t\t<div class=\"elementor-container elementor-column-gap-default\">\n\t\t\t\t\t<div class=\"elementor-column elementor-col-100 elementor-top-column elementor-element elementor-element-8ae1d0c\" data-id=\"8ae1d0c\" data-element_type=\"column\">\n\t\t\t<div class=\"elementor-widget-wrap elementor-element-populated\">\n\t\t\t\t\t\t<div class=\"elementor-element elementor-element-74df711 elementor-widget elementor-widget-heading\" data-id=\"74df711\" data-element_type=\"widget\" data-widget_type=\"heading.default\">\n\t\t\t\t<div class=\"elementor-widget-container\">\n\t\t\t\t\t<h2 class=\"elementor-heading-title elementor-size-default\">\u00bfTienes una Consulta?<\/h2>\t\t\t\t<\/div>\n\t\t\t\t<\/div>\n\t\t\t\t<div class=\"elementor-element elementor-element-f7c6b24 elementor-widget-divider--view-line elementor-widget elementor-widget-divider\" data-id=\"f7c6b24\" data-element_type=\"widget\" data-widget_type=\"divider.default\">\n\t\t\t\t<div class=\"elementor-widget-container\">\n\t\t\t\t\t\t\t<div class=\"elementor-divider\">\n\t\t\t<span class=\"elementor-divider-separator\">\n\t\t\t\t\t\t<\/span>\n\t\t<\/div>\n\t\t\t\t\t\t<\/div>\n\t\t\t\t<\/div>\n\t\t\t\t<div class=\"elementor-element elementor-element-7af7d20 elementor-widget elementor-widget-text-editor\" data-id=\"7af7d20\" data-element_type=\"widget\" data-widget_type=\"text-editor.default\">\n\t\t\t\t<div class=\"elementor-widget-container\">\n\t\t\t\t\t\t\t\t\t<p class=\"\" data-start=\"122\" data-end=\"241\"><span class=\"relative -mx-px my-[-0.2rem] rounded px-px py-[0.2rem] transition-colors duration-100 ease-in-out\">\u00bfNecesitas orientaci\u00f3n sobre planes de manejo forestal, inventarios o cartograf\u00eda?<\/span> <span class=\"relative -mx-px my-[-0.2rem] rounded px-px py-[0.2rem] transition-colors duration-100 ease-in-out\">Estamos aqu\u00ed para ayudarte con soluciones t\u00e9cnicas adaptadas a tus necesidades.<\/span>\u200b<br \/><span class=\"relative -mx-px my-[-0.2rem] rounded px-px py-[0.2rem] transition-colors duration-100 ease-in-out\">Cont\u00e1ctanos para una asesor\u00eda directa y profesional<\/span><\/p>\t\t\t\t\t\t\t\t<\/div>\n\t\t\t\t<\/div>\n\t\t\t\t<div class=\"elementor-element elementor-element-266d290 wpr-button-icon-style-inline wpr-button-icon-position-right elementor-widget elementor-widget-wpr-button\" data-id=\"266d290\" data-element_type=\"widget\" data-widget_type=\"wpr-button.default\">\n\t\t\t\t<div class=\"elementor-widget-container\">\n\t\t\t\t\t\t\n\t\t\t\n\t\t\n\t\t<div class=\"wpr-button-wrap elementor-clearfix\">\n\t\t<a class=\"wpr-button wpr-button-effect wpr-button-none\" data-text=\"\" href=\"https:\/\/consultorforestal.com\/index.php\/contact\/\">\n\t\t\t\n\t\t\t<span class=\"wpr-button-content\">\n\t\t\t\t\t\t\t\t\t<span class=\"wpr-button-text\">D\u00e9janos tu Requerimiento<\/span>\n\t\t\t\t\t\t\t\t\n\t\t\t\t\t\t\t<\/span>\n\t\t<\/a>\n\n\t\t\t\t<\/div>\n\t\n\t\n\t\t\t\t\t<\/div>\n\t\t\t\t<\/div>\n\t\t\t\t\t<\/div>\n\t\t<\/div>\n\t\t\t\t\t<\/div>\n\t\t<\/section>\n\t\t\t\t<\/div>\n\t\t","protected":false},"excerpt":{"rendered":"<p>Gesti\u00f3n forestal experta, resultados sostenibles CONSULTOR FORESTAL Servicios de Ingenier\u00eda Planes de Manejo Bosque Nativo Plantaciones Estudios T\u00e9cnicos Inventario de Bosques Cartograf\u00eda | En Consultor Forestal ofrecemos asesor\u00eda integral en estudios ambientales y forestales. Desde planes de manejo de bosque nativo (Ley\u202fN\u00ba\u202f20.283) y plantaciones DL\u202f701, hasta inventarios, cartograf\u00eda SIG y tr\u00e1mites para CONAF y SAG. Nuestra experiencia garantiza soluciones eficientes y cumplimiento normativo para proyectos de cualquier escala. \u00bfQu\u00e9 Necesitas? Nuestros Servicios Transformamos tus recursos forestales en proyectos sostenibles y rentables.Ingenier\u00eda, cartograf\u00eda e inventarios de precisi\u00f3n para un manejo integrado y normativo.De la concepci\u00f3n al cumplimiento: permisos ambientales, planes de manejo y monitoreo.Experiencia regional, soluciones a la medida y compromiso con el equilibrio entre productividad y conservaci\u00f3n. Servicios Planes de manejo forestal de bosque nativo Planes de manejo forestal de plantacionesEstudios t\u00e9cnicos para CONAFInventario de bosquesCartograf\u00eda Informaci\u00f3n Detalles del Plan de ManejoDocumentos requeridosCostos del tr\u00e1miteTiempos de realizaci\u00f3nPlazos Contacto +569 6414 8140 contacto@consultorforestal.cl \u00bfTienes una Consulta? \u00bfNecesitas orientaci\u00f3n sobre planes de manejo forestal, inventarios o cartograf\u00eda? Estamos aqu\u00ed para ayudarte con soluciones t\u00e9cnicas adaptadas a tus necesidades.\u200bCont\u00e1ctanos para una asesor\u00eda directa y profesional D\u00e9janos tu Requerimiento<\/p>\n","protected":false},"author":2,"featured_media":0,"parent":0,"menu_order":0,"comment_status":"closed","ping_status":"closed","template":"elementor_canvas","meta":{"content-type":"","footnotes":""},"class_list":["post-439","page","type-page","status-publish","hentry"],"yoast_head":"<!-- This site is optimized with the Yoast SEO plugin v26.8 - https:\/\/yoast.com\/product\/yoast-seo-wordpress\/ -->\n<title>Inicio - Consultor Forestal<\/title>\n<meta name=\"description\" content=\"Consultor Forestal ofrece asesor\u00eda t\u00e9cnica y legal especializada en manejo de bosque nativo, plantaciones, inventarios y cartograf\u00eda en Chile. M\u00e1s de 20 a\u00f1os de experiencia en gesti\u00f3n forestal sostenible.\" \/>\n<meta name=\"robots\" content=\"index, follow, max-snippet:-1, max-image-preview:large, max-video-preview:-1\" \/>\n<link rel=\"canonical\" href=\"https:\/\/consultorforestal.com\/\" \/>\n<meta property=\"og:locale\" content=\"es_ES\" \/>\n<meta property=\"og:type\" content=\"article\" \/>\n<meta property=\"og:title\" content=\"Inicio - Consultor Forestal\" \/>\n<meta property=\"og:description\" content=\"Consultor Forestal ofrece asesor\u00eda t\u00e9cnica y legal especializada en manejo de bosque nativo, plantaciones, inventarios y cartograf\u00eda en Chile. M\u00e1s de 20 a\u00f1os de experiencia en gesti\u00f3n forestal sostenible.\" \/>\n<meta property=\"og:url\" content=\"https:\/\/consultorforestal.com\/\" \/>\n<meta property=\"og:site_name\" content=\"Consultor Forestal\" \/>\n<meta property=\"article:modified_time\" content=\"2025-04-25T11:02:33+00:00\" \/>\n<meta property=\"og:image\" content=\"https:\/\/consultorforestal.com\/wp-content\/uploads\/2023\/08\/logo-Consultor-Forestal.png\" \/>\n\t<meta property=\"og:image:width\" content=\"1920\" \/>\n\t<meta property=\"og:image:height\" content=\"1080\" \/>\n\t<meta property=\"og:image:type\" content=\"image\/png\" \/>\n<meta name=\"twitter:card\" content=\"summary_large_image\" \/>\n<meta name=\"twitter:label1\" content=\"Tiempo de lectura\" \/>\n\t<meta name=\"twitter:data1\" content=\"1 minuto\" \/>\n<script type=\"application\/ld+json\" class=\"yoast-schema-graph\">{\"@context\":\"https:\/\/schema.org\",\"@graph\":[{\"@type\":\"WebPage\",\"@id\":\"https:\/\/consultorforestal.com\/\",\"url\":\"https:\/\/consultorforestal.com\/\",\"name\":\"Inicio - Consultor Forestal\",\"isPartOf\":{\"@id\":\"https:\/\/consultorforestal.com\/#website\"},\"datePublished\":\"2023-08-17T08:02:28+00:00\",\"dateModified\":\"2025-04-25T11:02:33+00:00\",\"description\":\"Consultor Forestal ofrece asesor\u00eda t\u00e9cnica y legal especializada en manejo de bosque nativo, plantaciones, inventarios y cartograf\u00eda en Chile. M\u00e1s de 20 a\u00f1os de experiencia en gesti\u00f3n forestal sostenible.\",\"breadcrumb\":{\"@id\":\"https:\/\/consultorforestal.com\/#breadcrumb\"},\"inLanguage\":\"es\",\"potentialAction\":[{\"@type\":\"ReadAction\",\"target\":[\"https:\/\/consultorforestal.com\/\"]}]},{\"@type\":\"BreadcrumbList\",\"@id\":\"https:\/\/consultorforestal.com\/#breadcrumb\",\"itemListElement\":[{\"@type\":\"ListItem\",\"position\":1,\"name\":\"Portada\",\"item\":\"https:\/\/consultorforestal.com\/\"},{\"@type\":\"ListItem\",\"position\":2,\"name\":\"Inicio\"}]},{\"@type\":\"WebSite\",\"@id\":\"https:\/\/consultorforestal.com\/#website\",\"url\":\"https:\/\/consultorforestal.com\/\",\"name\":\"Consultor Forestal\",\"description\":\"Gesti\u00f3n forestal experta, resultados sostenibles\u200b\",\"publisher\":{\"@id\":\"https:\/\/consultorforestal.com\/#organization\"},\"alternateName\":\"Consultor Forestal Chile\",\"potentialAction\":[{\"@type\":\"SearchAction\",\"target\":{\"@type\":\"EntryPoint\",\"urlTemplate\":\"https:\/\/consultorforestal.com\/?s={search_term_string}\"},\"query-input\":{\"@type\":\"PropertyValueSpecification\",\"valueRequired\":true,\"valueName\":\"search_term_string\"}}],\"inLanguage\":\"es\"},{\"@type\":\"Organization\",\"@id\":\"https:\/\/consultorforestal.com\/#organization\",\"name\":\"Consultor Forestal\",\"alternateName\":\"Consultor Forestal Chile\",\"url\":\"https:\/\/consultorforestal.com\/\",\"logo\":{\"@type\":\"ImageObject\",\"inLanguage\":\"es\",\"@id\":\"https:\/\/consultorforestal.com\/#\/schema\/logo\/image\/\",\"url\":\"https:\/\/consultorforestal.com\/wp-content\/uploads\/2023\/08\/cropped-logo-trasparente-1.png\",\"contentUrl\":\"https:\/\/consultorforestal.com\/wp-content\/uploads\/2023\/08\/cropped-logo-trasparente-1.png\",\"width\":512,\"height\":512,\"caption\":\"Consultor Forestal\"},\"image\":{\"@id\":\"https:\/\/consultorforestal.com\/#\/schema\/logo\/image\/\"}}]}<\/script>\n<!-- \/ Yoast SEO plugin. -->","yoast_head_json":{"title":"Inicio - Consultor Forestal","description":"Consultor Forestal ofrece asesor\u00eda t\u00e9cnica y legal especializada en manejo de bosque nativo, plantaciones, inventarios y cartograf\u00eda en Chile. M\u00e1s de 20 a\u00f1os de experiencia en gesti\u00f3n forestal sostenible.","robots":{"index":"index","follow":"follow","max-snippet":"max-snippet:-1","max-image-preview":"max-image-preview:large","max-video-preview":"max-video-preview:-1"},"canonical":"https:\/\/consultorforestal.com\/","og_locale":"es_ES","og_type":"article","og_title":"Inicio - Consultor Forestal","og_description":"Consultor Forestal ofrece asesor\u00eda t\u00e9cnica y legal especializada en manejo de bosque nativo, plantaciones, inventarios y cartograf\u00eda en Chile. M\u00e1s de 20 a\u00f1os de experiencia en gesti\u00f3n forestal sostenible.","og_url":"https:\/\/consultorforestal.com\/","og_site_name":"Consultor Forestal","article_modified_time":"2025-04-25T11:02:33+00:00","og_image":[{"width":1920,"height":1080,"url":"https:\/\/consultorforestal.com\/wp-content\/uploads\/2023\/08\/logo-Consultor-Forestal.png","type":"image\/png"}],"twitter_card":"summary_large_image","twitter_misc":{"Tiempo de lectura":"1 minuto"},"schema":{"@context":"https:\/\/schema.org","@graph":[{"@type":"WebPage","@id":"https:\/\/consultorforestal.com\/","url":"https:\/\/consultorforestal.com\/","name":"Inicio - Consultor Forestal","isPartOf":{"@id":"https:\/\/consultorforestal.com\/#website"},"datePublished":"2023-08-17T08:02:28+00:00","dateModified":"2025-04-25T11:02:33+00:00","description":"Consultor Forestal ofrece asesor\u00eda t\u00e9cnica y legal especializada en manejo de bosque nativo, plantaciones, inventarios y cartograf\u00eda en Chile. M\u00e1s de 20 a\u00f1os de experiencia en gesti\u00f3n forestal sostenible.","breadcrumb":{"@id":"https:\/\/consultorforestal.com\/#breadcrumb"},"inLanguage":"es","potentialAction":[{"@type":"ReadAction","target":["https:\/\/consultorforestal.com\/"]}]},{"@type":"BreadcrumbList","@id":"https:\/\/consultorforestal.com\/#breadcrumb","itemListElement":[{"@type":"ListItem","position":1,"name":"Portada","item":"https:\/\/consultorforestal.com\/"},{"@type":"ListItem","position":2,"name":"Inicio"}]},{"@type":"WebSite","@id":"https:\/\/consultorforestal.com\/#website","url":"https:\/\/consultorforestal.com\/","name":"Consultor Forestal","description":"Gesti\u00f3n forestal experta, resultados sostenibles\u200b","publisher":{"@id":"https:\/\/consultorforestal.com\/#organization"},"alternateName":"Consultor Forestal Chile","potentialAction":[{"@type":"SearchAction","target":{"@type":"EntryPoint","urlTemplate":"https:\/\/consultorforestal.com\/?s={search_term_string}"},"query-input":{"@type":"PropertyValueSpecification","valueRequired":true,"valueName":"search_term_string"}}],"inLanguage":"es"},{"@type":"Organization","@id":"https:\/\/consultorforestal.com\/#organization","name":"Consultor Forestal","alternateName":"Consultor Forestal Chile","url":"https:\/\/consultorforestal.com\/","logo":{"@type":"ImageObject","inLanguage":"es","@id":"https:\/\/consultorforestal.com\/#\/schema\/logo\/image\/","url":"https:\/\/consultorforestal.com\/wp-content\/uploads\/2023\/08\/cropped-logo-trasparente-1.png","contentUrl":"https:\/\/consultorforestal.com\/wp-content\/uploads\/2023\/08\/cropped-logo-trasparente-1.png","width":512,"height":512,"caption":"Consultor Forestal"},"image":{"@id":"https:\/\/consultorforestal.com\/#\/schema\/logo\/image\/"}}]}},"jetpack_sharing_enabled":true,"_links":{"self":[{"href":"https:\/\/consultorforestal.com\/index.php\/wp-json\/wp\/v2\/pages\/439","targetHints":{"allow":["GET"]}}],"collection":[{"href":"https:\/\/consultorforestal.com\/index.php\/wp-json\/wp\/v2\/pages"}],"about":[{"href":"https:\/\/consultorforestal.com\/index.php\/wp-json\/wp\/v2\/types\/page"}],"author":[{"embeddable":true,"href":"https:\/\/consultorforestal.com\/index.php\/wp-json\/wp\/v2\/users\/2"}],"replies":[{"embeddable":true,"href":"https:\/\/consultorforestal.com\/index.php\/wp-json\/wp\/v2\/comments?post=439"}],"version-history":[{"count":0,"href":"https:\/\/consultorforestal.com\/index.php\/wp-json\/wp\/v2\/pages\/439\/revisions"}],"wp:attachment":[{"href":"https:\/\/consultorforestal.com\/index.php\/wp-json\/wp\/v2\/media?parent=439"}],"curies":[{"name":"wp","href":"https:\/\/api.w.org\/{rel}","templated":true}]}}